{"id":877,"date":"2020-08-20T11:02:38","date_gmt":"2020-08-20T11:02:38","guid":{"rendered":"https:\/\/vzfarma.vunkers.dev\/politica-de-cookies\/"},"modified":"2024-01-10T08:45:25","modified_gmt":"2024-01-10T07:45:25","slug":"politica-de-cookies","status":"publish","type":"page","link":"https:\/\/vzfarma.net\/ca\/politica-de-cookies\/","title":{"rendered":"Pol\u00edtica de cookies"},"content":{"rendered":"\t\t<div data-elementor-type=\"wp-page\" data-elementor-id=\"877\" class=\"elementor elementor-877 elementor-566\" data-elementor-post-type=\"page\">\n\t\t\t\t\t\t<section class=\"elementor-section elementor-top-section elementor-element elementor-element-2429a03 v-pg-legals elementor-section-boxed elementor-section-height-default elementor-section-height-default\" data-id=\"2429a03\" data-element_type=\"section\" data-e-type=\"section\">\n\t\t\t\t\t\t<div class=\"elementor-container elementor-column-gap-default\">\n\t\t\t\t\t<div class=\"elementor-column elementor-col-100 elementor-top-column elementor-element elementor-element-e5ec6b2\" data-id=\"e5ec6b2\" data-element_type=\"column\" data-e-type=\"column\">\n\t\t\t<div class=\"elementor-widget-wrap elementor-element-populated\">\n\t\t\t\t\t\t<div class=\"elementor-element elementor-element-66da413 elementor-widget elementor-widget-text-editor\" data-id=\"66da413\" data-element_type=\"widget\" data-e-type=\"widget\" data-widget_type=\"text-editor.default\">\n\t\t\t\t<div class=\"elementor-widget-container\">\n\t\t\t\t\t\t\t\t\t<p>A causa de l&#8217;entrada en vigor de la modificaci\u00f3 referent de la \u00abLlei de Serveis de la Societat de la Informaci\u00f3\u00bb (LSSICE) establerta pel Reial Decret 13\/2012, \u00e9s d&#8217;obligaci\u00f3 obtenir el consentiment expr\u00e9s de l&#8217;usuari de totes les p\u00e0gines web que usen <em>cookies<\/em> prescindibles, abans de que aquest navegui per elles.<\/p><h3>\u00bfQU\u00c9 SON LES COOKIES?<\/h3><p>Les <em>cookies<\/em> i altres tecnologies similars tals com local shared objects, flash <em>cookies<\/em> o p\u00edxels, s\u00f3n eines emprades pels servidors web per emmagatzemar i recuperar informaci\u00f3 sobre els seus visitants, aix\u00ed com per oferir un funcionament correcte del lloc.<\/p><p>Mitjan\u00e7ant l&#8217;\u00fas d&#8217;aquests dispositius es permet al servidor web recordar algunes dades concernents a l&#8217;usuari, com les seves prefer\u00e8ncies per a la visualitzaci\u00f3 de les p\u00e0gines d&#8217;aquest servidor, nom i contrasenya, productes que m\u00e9s l&#8217;interessen, etc.<\/p><h3>COOKIES AFECTADES PER LA NORMATIVA Y COOKIES EXCEPTUADES<\/h3><p>Segons la directiva de la UE, les <em>cookies<\/em> que requereixen el consentiment informat per part de l&#8217;usuari s\u00f3n les <em>cookies<\/em> d&#8217;anal\u00edtica i les de publicitat i afiliaci\u00f3, i queden exceptuades les de car\u00e0cter t\u00e8cnic i les necess\u00e0ries per al funcionament del lloc web o la prestaci\u00f3 de serveis expressament sol\u00b7licitats per l&#8217;usuari.<\/p><h2><span style=\"color: inherit; font-family: 'Roboto Condensed', sans-serif; font-size: 30px; font-weight: bold;\">TIPUS DE COOKIES<\/span><\/h2><h3><strong>SEGONS LA FINALITAT<\/strong><\/h3><ul><li><strong><em>Cookies<\/em> t\u00e8cniques<\/strong> i funcionals: s\u00f3n aquelles que permeten a l&#8217;usuari la navegaci\u00f3 a trav\u00e9s d&#8217;una p\u00e0gina web, plataforma o aplicaci\u00f3 i la utilitzaci\u00f3 de les diferents opcions o serveis que en ella hi hagi.<\/li><li><strong><em>Cookies<\/em> anal\u00edtiques<\/strong>: s\u00f3n aquelles que permeten al responsable de les mateixes el seguiment i an\u00e0lisi del comportament dels usuaris dels llocs web a qu\u00e8 estan vinculades. La informaci\u00f3 recollida mediant aquest tipus de <em>cookies<\/em> s&#8217;utilitza en el mesurament de l&#8217;activitat dels llocs web, l&#8217;aplicaci\u00f3 o la plataforma i per a l&#8217;elaboraci\u00f3 de perfils de navegaci\u00f3 dels usuaris d&#8217;aquests llocs, aplicacions i plataformes, per introduir millores en funci\u00f3 de l&#8217;an\u00e0lisi de les dades d&#8217;\u00fas que fan els usuaris del servei.<\/li><li><strong><em>Cookies<\/em> publicitaries<\/strong>: s\u00f3n aquelles que permeten la gesti\u00f3, de la manera m\u00e9s efica\u00e7 possible, dels espais publicitaris que, si en el seu cas, l&#8217;editor hagi incl\u00f2s en una p\u00e0gina web, aplicaci\u00f3 o plataforma des de la qual presta el servei sol\u00b7licitat en base a criteris com el contingut editat o la freq\u00fc\u00e8ncia en qu\u00e8 es mostren els anuncis.<\/li><li><strong><em>Cookies<\/em> de publicitat comportamental<\/strong>: recullen informaci\u00f3 sobre les prefer\u00e8ncies i eleccions personals de l&#8217;usuari (retargeting) per permetre la gesti\u00f3, de la manera m\u00e9s efica\u00e7 possible, dels espais publicitaris que, si escau, l&#8217;editor hagi incl\u00f2s en una p\u00e0gina web, aplicaci\u00f3 o plataforma des de la que presta el servei sol\u00b7licitat.<\/li><li><strong><em>Cookies<\/em> socials<\/strong>: s\u00f3n establertes per les plataformes de xarxes socials en els serveis per permetre compartir contingut amb els seus amics i xarxes. Les plataformes de mitjans socials tenen la capacitat de rastrejar la seva activitat en l\u00ednia fora dels serveis. Aix\u00f2 pot afectar el contingut i els missatges que veieu en altres serveis que visiteu.<\/li><li><strong><em>Cookies<\/em> de afiliats<\/strong>: permeten fer un seguiment de les visites procedents d&#8217;altres webs, amb qu\u00e8 el lloc web estableix un contracte d&#8217;afiliaci\u00f3 (empreses d&#8217;afiliaci\u00f3).<\/li><li><strong><em>Cookies<\/em> de seguretat<\/strong>: emmagatzemen informaci\u00f3 xifrada per evitar que les dades desades en elles siguin vulnerables a atacs maliciosos de tercers.<\/li><\/ul><h3><strong>SEGONS LA PROPIETAT<\/strong><\/h3><ul><li><strong><em>Cookies<\/em> pr\u00f2pies<\/strong>: s\u00f3n les que s&#8217;envien a l&#8217;equip terminal de l&#8217;usuari des d&#8217;un equip o domini gestionat pel mateix editor i des del qual es presta el servei sol\u00b7licitat per l&#8217;usuari.<\/li><li><strong><em>Cookies<\/em> de tercers<\/strong>: s\u00f3n aquelles que s&#8217;envien a l&#8217;equip terminal de l&#8217;usuari des d&#8217;un equip o domini que no \u00e9s gestionat per l&#8217;editor, sin\u00f3 per una altra entitat que tracta les dades obtingudes a trav\u00e9s de les <em>cookies<\/em>.<\/li><\/ul><h3><strong>SEGONS EL TERMINI DE CONSERVACI\u00d3<\/strong><\/h3><ul><li><strong><em>Cookies<\/em> de sessi\u00f3<\/strong>: s\u00f3n un tipus de <em>cookies<\/em> dissenyades per demanar i emmagatzemar dades mentre l&#8217;usuari accedeix a una p\u00e0gina web.<\/li><li><strong><em>Cookies<\/em> persistents<\/strong>: s\u00f3n un tipus de <em>cookies<\/em> en qu\u00e8 les dades segueixen emmagatzemades al terminal i poden ser accedides i tractades durant un per\u00edode definit pel responsable de la cookie, i que pot anar d&#8217;uns minuts a diversos anys.<\/li><\/ul><h2>TRACTAMENT DE DADES PERSONALS<\/h2><p>VZfarma S.L.U. es el <strong>Responsable del tractament<\/strong> de les dades personals del <strong>Interessat<\/strong> y l&#8217;informa que aquestes dades seran tractades de conformitat amb el que disposa el Reglament (UE) 2016\/679, de 27 d&#8217;abril de 2016 (GDPR), per la qual cosa se li facilita la informaci\u00f3 seg\u00fcent del tractament:<\/p><p><strong>Fins del tractament<\/strong>: segons s&#8217;especifica en el apartat de <em>cookies<\/em> que s&#8217;utilizen en aquest lloc web.<\/p><p><strong>Legitimaci\u00f3 del tractament<\/strong>: per consentiment de l&#8217;interessat (art. 6.1 GDPR).<\/p><p><strong>Criteris de conservaci\u00f3 de les dades<\/strong>: segons s&#8217;especifica en l&#8217;apartat de <em>cookies<\/em> utilizades en la web.<\/p><p><strong>Comunicaci\u00f3 de les dades<\/strong>: no es comunicaran les dades a tercers, excepte en <em>cookies<\/em> propietat de tercers o per obligaci\u00f3 legal.<\/p><p><strong>Drets que assisteixen a l&#8217;Interesat<\/strong>:<\/p><p>&#8211; Dret a retirar el consentiment en qualsevol moment.<br \/>&#8211; Dret d&#8217;acc\u00e9s, rectificaci\u00f3, portabilitat i supressi\u00f3 de les dades, i de limitaci\u00f3 o oposici\u00f3 al tractament.<br \/>&#8211; Dret a presentar una reclamaci\u00f3 davant de l&#8217;Autoritat de control (www.aepd.es) si considera que el tractament no s&#8217;ajusta a la normativa vigent.<\/p><p><strong>Dades de contacte per exercir els seus drets<\/strong>:<\/p><p>VZfarma S.L.U. C\/ LLEIDA, 76 (BAJOS) &#8211; Alpicat &#8211; LLEIDA. E-mail: joel@vzfarma.com<\/p><h2>COOKIES UTILITZADES EN AQUEST LLOC WEB<\/h2><p><strong>COOKIES CONTROLADES PER L&#8217;EDITOR<\/strong><\/p><p><strong>Necess\u00e0ries<\/strong><\/p><div><table><thead><tr><td width=\"19%\">Propietat<\/td><td width=\"17%\">Cookie<\/td><td>Finalitat<\/td><td width=\"15%\">Termini<\/td><\/tr><\/thead><tbody><tr><td>domini.com<\/td><td>viewed_cookie_policy<\/td><td>Cookie necess\u00e0ria per a la utilitzaci\u00f3 de les opcions i serveis de la p\u00e0gina web.<\/td><td>11 mesos<\/td><\/tr><tr><td>domini.com<\/td><td>cookielawinfo-checkbox-non-necessary<\/td><td>Aquesta cookie est\u00e0 configurada pel complement de consentiment de cookies GDPR. Les cookies s&#8217;utilitzen per emmagatzemar el consentiment de l&#8217;usuari per a les cookies a la categoria &#8220;No necess\u00e0ries&#8221;.<\/td><td>11 mesos<\/td><\/tr><tr><td>domini.com<\/td><td>cookielawinfo-checkbox-necessary<\/td><td>Aquesta cookie est\u00e0 configurada pel complement de consentiment de cookies GDPR. Les cookies s&#8217;utilitzen per emmagatzemar el consentiment de l&#8217;usuari per a les cookies a la categoria &#8220;Necess\u00e0ries&#8221;.<\/td><td>11 mesos<\/td><\/tr><tr><td>domini.com<\/td><td>CookieLawInfoConsent<\/td><td>Aquesta Cookie est\u00e0 configurada el Plugin GDPR i s&#8217;utilitza per emmagatzemar si l&#8217;usuari ha consentit o no l&#8217;\u00fas de Cookies. No emmagatzema cap dada personal.<\/td><td>11 mesos<\/td><\/tr><\/tbody><\/table><\/div><p><strong>T\u00e8cniques i funcionals<\/strong><\/p><div><table><thead><tr><td width=\"19%\">Propietat<\/td><td width=\"17%\">Cookie<\/td><td>Finalitat<\/td><td width=\"15%\">Termini<\/td><\/tr><\/thead><tbody><tr><td>domini.com<\/td><td>cli_user_preference<\/td><td>Emmagatzema el resum del consentiment atorgat per a l&#8217;\u00fas de cookies.<\/td><td>12 mesos<\/td><\/tr><\/tbody><\/table><\/div><p><strong>Anal\u00edtiques y publicacitaries<\/strong><\/p><p>Aquesta web no utilitza cookies anal\u00edtiques o publicit\u00e0ries.<\/p><div>\u00a0<\/div><p><strong>COOKIES DE TERCERS<\/strong><\/p><p>Els serveis de tercers s\u00f3n aliens al control de l&#8217;editor. Els prove\u00efdors poden modificar en tot moment les seves condicions de servei, finalitat i utilitzaci\u00f3 de les <em>cookies<\/em>, etc.<\/p><p><strong>Prove\u00efdors externs d&#8217;aquest lloc web:<\/strong><\/p><p>Aquesta web no utilitza galetes de tercers.<\/p><h2>PANEL DE CONFIGURACI\u00d3 DE COOKIES<\/h2><p>Des de aquest panel podr\u00e0 configurar les <em>cookies<\/em> que el lloc web pot instal\u00b7lar en el seu navegador, excepte les <em>cookies<\/em> t\u00e8cniques o funcionals que s\u00f3n necess\u00e0ries per a la navegaci\u00f3 i la utilitzaci\u00f3 de les diferents opcions o serveis que s&#8217;hi ofereixen.<\/p><p><a>Panel de cookies<\/a><\/p><h3><strong>COM GESTIONAR LES COOKIES DES DEL NAVEGADOR<\/strong><\/h3><div><table><tbody><tr><td width=\"30\"><strong>Eliminar les <em>cookies<\/em> del dispositiu<\/strong><\/td><td width=\"70%\">Las <em>cookies<\/em> que ja estan en un dispositiu es poden eliminar esborrant l&#8217;historial del navegador, de manera que se suprimeixen les <em>cookies<\/em> de tots els llocs web visitats.<br \/>No obstant aix\u00f2, tamb\u00e9 podeu perdre part de la informaci\u00f3 desada (per exemple, les dades d&#8217;inici de sessi\u00f3 o les prefer\u00e8ncies de lloc web).<\/td><\/tr><tr><td width=\"30%\"><strong>Gestionar les <em>cookies<\/em> espec\u00edfiques del lloc<\/strong><\/td><td width=\"70%\">Per tenir un control m\u00e9s prec\u00eds de las <em>cookies<\/em> espec\u00edfiques de cada lloc, els usuaris poden ajustar la seva configuraci\u00f3 de privacitat y <em>cookies<\/em> en el navegador.<\/td><\/tr><tr><td width=\"30%\"><strong>Bloquejar les <em>cookies<\/em><\/strong><\/td><td width=\"70%\">Tot i que la majoria dels navegadors moderns es poden configurar per evitar que s&#8217;instal\u00b7lin <em>cookies<\/em> en els dispositius, aix\u00f2 pot obligar a l&#8217;ajustament manual de determinades prefer\u00e8ncies cada cop que es visiti un lloc o p\u00e0gina. A m\u00e9s, alguns serveis i caracter\u00edstiques poden no funcionar correctament (per exemple, els inicis de sessi\u00f3 amb perfil).<\/td><\/tr><\/tbody><\/table><\/div><h3><strong>O ELIMINAR LES COOKIES DELS NAVEGADORS M\u00c9S COMUNS<\/strong><\/h3><div><table><tbody><tr><td width=\"30\"><strong>Chrome<\/strong><\/td><td width=\"70%\"><a href=\"http:\/\/support.google.com\/chrome\/answer\/95647?hl=es\">http:\/\/support.google.com\/chrome\/answer\/95647?hl=es<\/a><\/td><\/tr><tr><td width=\"30%\"><strong>Internet Explorer. Versi\u00f3 11<\/strong><\/td><td width=\"70%\"><a href=\"https:\/\/support.microsoft.com\/es-es\/help\/278835\/how-to-delete-cookie-files-in-internet-explorer\">https:\/\/support.microsoft.com\/es-es\/help\/278835\/how-to-delete-cookie-files-in-internet-explorer<\/a><\/td><\/tr><tr><td width=\"30%\"><strong>Firefox. Versi\u00f3 65.0.1<\/strong><\/td><td width=\"70%\"><a href=\"https:\/\/www.mozilla.org\/es-ES\/privacy\/websites\/#cookies\">https:\/\/www.mozilla.org\/es-ES\/privacy\/websites\/#cookies<\/a><\/td><\/tr><tr><td width=\"30%\"><strong>Safari Versi\u00f3 5.1<\/strong><\/td><td width=\"70%\"><a href=\"https:\/\/support.apple.com\/es-es\/guide\/safari\/sfri11471\/mac\">https:\/\/support.apple.com\/es-es\/guide\/safari\/sfri11471\/mac<\/a><\/td><\/tr><tr><td width=\"30%\"><strong>Opera<\/strong><\/td><td width=\"70%\"><a href=\"https:\/\/help.opera.com\/en\/latest\/security-and-privacy\/#clearBrowsingData\">https:\/\/help.opera.com\/en\/latest\/security-and-privacy\/#clearBrowsingData<\/a><\/td><\/tr><\/tbody><\/table><\/div>\t\t\t\t\t\t\t\t<\/div>\n\t\t\t\t<\/div>\n\t\t\t\t\t<\/div>\n\t\t<\/div>\n\t\t\t\t\t<\/div>\n\t\t<\/section>\n\t\t\t\t<\/div>\n\t\t","protected":false},"excerpt":{"rendered":"<p>A causa de l&#8217;entrada en vigor de la modificaci\u00f3 referent de la \u00abLlei de Serveis de la Societat de la Informaci\u00f3\u00bb (LSSICE) establerta pel Reial Decret 13\/2012, \u00e9s d&#8217;obligaci\u00f3 obtenir el consentiment expr\u00e9s de l&#8217;usuari de totes les p\u00e0gines web que usen cookies prescindibles, abans de que aquest navegui per elles. \u00bfQU\u00c9 SON LES COOKIES? [&hellip;]<\/p>\n","protected":false},"author":1,"featured_media":0,"parent":0,"menu_order":20,"comment_status":"closed","ping_status":"closed","template":"elementor_header_footer","meta":{"footnotes":""},"class_list":["post-877","page","type-page","status-publish","hentry"],"yoast_head":"<!-- This site is optimized with the Yoast SEO plugin v27.5 - https:\/\/yoast.com\/product\/yoast-seo-wordpress\/ -->\n<title>Pol\u00edtica de cookies - VZfarma<\/title>\n<meta name=\"description\" content=\"A causa de l&#039;entrada en vigor de la modificaci\u00f3 referent de la \u00abLlei de Serveis de la Societat de la Informaci\u00f3\u00bb (LSSICE) establerta pel Reial Decret\" \/>\n<meta name=\"robots\" content=\"noindex, nofollow\" \/>\n<meta property=\"og:locale\" content=\"ca_ES\" \/>\n<meta property=\"og:type\" content=\"article\" \/>\n<meta property=\"og:title\" content=\"Pol\u00edtica de cookies - VZfarma\" \/>\n<meta property=\"og:description\" content=\"A causa de l&#039;entrada en vigor de la modificaci\u00f3 referent de la \u00abLlei de Serveis de la Societat de la Informaci\u00f3\u00bb (LSSICE) establerta pel Reial Decret\" \/>\n<meta property=\"og:url\" content=\"https:\/\/vzfarma.net\/ca\/politica-de-cookies\/\" \/>\n<meta property=\"og:site_name\" content=\"VZfarma\" \/>\n<meta property=\"article:modified_time\" content=\"2024-01-10T07:45:25+00:00\" \/>\n<meta name=\"twitter:card\" content=\"summary_large_image\" \/>\n<meta name=\"twitter:label1\" content=\"Temps estimat de lectura\" \/>\n\t<meta name=\"twitter:data1\" content=\"7 minuts\" \/>\n<script type=\"application\/ld+json\" class=\"yoast-schema-graph\">{\"@context\":\"https:\\\/\\\/schema.org\",\"@graph\":[{\"@type\":\"WebPage\",\"@id\":\"https:\\\/\\\/vzfarma.net\\\/ca\\\/politica-de-cookies\\\/\",\"url\":\"https:\\\/\\\/vzfarma.net\\\/ca\\\/politica-de-cookies\\\/\",\"name\":\"Pol\u00edtica de cookies - VZfarma\",\"isPartOf\":{\"@id\":\"https:\\\/\\\/vzfarma.net\\\/ca\\\/#website\"},\"datePublished\":\"2020-08-20T11:02:38+00:00\",\"dateModified\":\"2024-01-10T07:45:25+00:00\",\"description\":\"A causa de l'entrada en vigor de la modificaci\u00f3 referent de la \u00abLlei de Serveis de la Societat de la Informaci\u00f3\u00bb (LSSICE) establerta pel Reial Decret\",\"inLanguage\":\"ca\",\"potentialAction\":[{\"@type\":\"ReadAction\",\"target\":[\"https:\\\/\\\/vzfarma.net\\\/ca\\\/politica-de-cookies\\\/\"]}]},{\"@type\":\"WebSite\",\"@id\":\"https:\\\/\\\/vzfarma.net\\\/ca\\\/#website\",\"url\":\"https:\\\/\\\/vzfarma.net\\\/ca\\\/\",\"name\":\"VZfarma\",\"description\":\"Log\u00edstica de salud, entregamos bienestar\",\"publisher\":{\"@id\":\"https:\\\/\\\/vzfarma.net\\\/ca\\\/#organization\"},\"potentialAction\":[{\"@type\":\"SearchAction\",\"target\":{\"@type\":\"EntryPoint\",\"urlTemplate\":\"https:\\\/\\\/vzfarma.net\\\/ca\\\/?s={search_term_string}\"},\"query-input\":{\"@type\":\"PropertyValueSpecification\",\"valueRequired\":true,\"valueName\":\"search_term_string\"}}],\"inLanguage\":\"ca\"},{\"@type\":\"Organization\",\"@id\":\"https:\\\/\\\/vzfarma.net\\\/ca\\\/#organization\",\"name\":\"VZfarma\",\"url\":\"https:\\\/\\\/vzfarma.net\\\/ca\\\/\",\"logo\":{\"@type\":\"ImageObject\",\"inLanguage\":\"ca\",\"@id\":\"https:\\\/\\\/vzfarma.net\\\/ca\\\/#\\\/schema\\\/logo\\\/image\\\/\",\"url\":\"https:\\\/\\\/vzfarma.net\\\/wp-content\\\/uploads\\\/4_LOGO-VZ-FARMA-JPG-1.jpg\",\"contentUrl\":\"https:\\\/\\\/vzfarma.net\\\/wp-content\\\/uploads\\\/4_LOGO-VZ-FARMA-JPG-1.jpg\",\"width\":1353,\"height\":957,\"caption\":\"VZfarma\"},\"image\":{\"@id\":\"https:\\\/\\\/vzfarma.net\\\/ca\\\/#\\\/schema\\\/logo\\\/image\\\/\"}}]}<\/script>\n<!-- \/ Yoast SEO plugin. -->","yoast_head_json":{"title":"Pol\u00edtica de cookies - VZfarma","description":"A causa de l'entrada en vigor de la modificaci\u00f3 referent de la \u00abLlei de Serveis de la Societat de la Informaci\u00f3\u00bb (LSSICE) establerta pel Reial Decret","robots":{"index":"noindex","follow":"nofollow"},"og_locale":"ca_ES","og_type":"article","og_title":"Pol\u00edtica de cookies - VZfarma","og_description":"A causa de l'entrada en vigor de la modificaci\u00f3 referent de la \u00abLlei de Serveis de la Societat de la Informaci\u00f3\u00bb (LSSICE) establerta pel Reial Decret","og_url":"https:\/\/vzfarma.net\/ca\/politica-de-cookies\/","og_site_name":"VZfarma","article_modified_time":"2024-01-10T07:45:25+00:00","twitter_card":"summary_large_image","twitter_misc":{"Temps estimat de lectura":"7 minuts"},"schema":{"@context":"https:\/\/schema.org","@graph":[{"@type":"WebPage","@id":"https:\/\/vzfarma.net\/ca\/politica-de-cookies\/","url":"https:\/\/vzfarma.net\/ca\/politica-de-cookies\/","name":"Pol\u00edtica de cookies - VZfarma","isPartOf":{"@id":"https:\/\/vzfarma.net\/ca\/#website"},"datePublished":"2020-08-20T11:02:38+00:00","dateModified":"2024-01-10T07:45:25+00:00","description":"A causa de l'entrada en vigor de la modificaci\u00f3 referent de la \u00abLlei de Serveis de la Societat de la Informaci\u00f3\u00bb (LSSICE) establerta pel Reial Decret","inLanguage":"ca","potentialAction":[{"@type":"ReadAction","target":["https:\/\/vzfarma.net\/ca\/politica-de-cookies\/"]}]},{"@type":"WebSite","@id":"https:\/\/vzfarma.net\/ca\/#website","url":"https:\/\/vzfarma.net\/ca\/","name":"VZfarma","description":"Log\u00edstica de salud, entregamos bienestar","publisher":{"@id":"https:\/\/vzfarma.net\/ca\/#organization"},"potentialAction":[{"@type":"SearchAction","target":{"@type":"EntryPoint","urlTemplate":"https:\/\/vzfarma.net\/ca\/?s={search_term_string}"},"query-input":{"@type":"PropertyValueSpecification","valueRequired":true,"valueName":"search_term_string"}}],"inLanguage":"ca"},{"@type":"Organization","@id":"https:\/\/vzfarma.net\/ca\/#organization","name":"VZfarma","url":"https:\/\/vzfarma.net\/ca\/","logo":{"@type":"ImageObject","inLanguage":"ca","@id":"https:\/\/vzfarma.net\/ca\/#\/schema\/logo\/image\/","url":"https:\/\/vzfarma.net\/wp-content\/uploads\/4_LOGO-VZ-FARMA-JPG-1.jpg","contentUrl":"https:\/\/vzfarma.net\/wp-content\/uploads\/4_LOGO-VZ-FARMA-JPG-1.jpg","width":1353,"height":957,"caption":"VZfarma"},"image":{"@id":"https:\/\/vzfarma.net\/ca\/#\/schema\/logo\/image\/"}}]}},"_links":{"self":[{"href":"https:\/\/vzfarma.net\/ca\/wp-json\/wp\/v2\/pages\/877","targetHints":{"allow":["GET"]}}],"collection":[{"href":"https:\/\/vzfarma.net\/ca\/wp-json\/wp\/v2\/pages"}],"about":[{"href":"https:\/\/vzfarma.net\/ca\/wp-json\/wp\/v2\/types\/page"}],"author":[{"embeddable":true,"href":"https:\/\/vzfarma.net\/ca\/wp-json\/wp\/v2\/users\/1"}],"replies":[{"embeddable":true,"href":"https:\/\/vzfarma.net\/ca\/wp-json\/wp\/v2\/comments?post=877"}],"version-history":[{"count":26,"href":"https:\/\/vzfarma.net\/ca\/wp-json\/wp\/v2\/pages\/877\/revisions"}],"predecessor-version":[{"id":4651,"href":"https:\/\/vzfarma.net\/ca\/wp-json\/wp\/v2\/pages\/877\/revisions\/4651"}],"wp:attachment":[{"href":"https:\/\/vzfarma.net\/ca\/wp-json\/wp\/v2\/media?parent=877"}],"curies":[{"name":"wp","href":"https:\/\/api.w.org\/{rel}","templated":true}]}}