{"id":875,"date":"2020-08-20T11:03:10","date_gmt":"2020-08-20T11:03:10","guid":{"rendered":"https:\/\/vzfarma.vunkers.dev\/aviso-legal\/"},"modified":"2024-01-10T08:51:55","modified_gmt":"2024-01-10T07:51:55","slug":"aviso-legal","status":"publish","type":"page","link":"https:\/\/vzfarma.net\/ca\/aviso-legal\/","title":{"rendered":"Av\u00eds legal"},"content":{"rendered":"\t\t<div data-elementor-type=\"wp-page\" data-elementor-id=\"875\" class=\"elementor elementor-875 elementor-571\" data-elementor-post-type=\"page\">\n\t\t\t\t\t\t<section class=\"elementor-section elementor-top-section elementor-element elementor-element-6bbb2613 v-pg-legals elementor-section-boxed elementor-section-height-default elementor-section-height-default\" data-id=\"6bbb2613\" data-element_type=\"section\" data-e-type=\"section\">\n\t\t\t\t\t\t<div class=\"elementor-container elementor-column-gap-default\">\n\t\t\t\t\t<div class=\"elementor-column elementor-col-100 elementor-top-column elementor-element elementor-element-345f346\" data-id=\"345f346\" data-element_type=\"column\" data-e-type=\"column\">\n\t\t\t<div class=\"elementor-widget-wrap elementor-element-populated\">\n\t\t\t\t\t\t<div class=\"elementor-element elementor-element-5bb28b69 elementor-widget elementor-widget-text-editor\" data-id=\"5bb28b69\" data-element_type=\"widget\" data-e-type=\"widget\" data-widget_type=\"text-editor.default\">\n\t\t\t\t<div class=\"elementor-widget-container\">\n\t\t\t\t\t\t\t\t\t<p>Per tal de complir l&#8217;article 10 de la Llei 34\/2002 de Serveis de la Societat de la Informaci\u00f3 i del Comer\u00e7 Electr\u00f2nic, informem als usuaris de les nostres dades:<\/p><ul><li><strong>Denominaci\u00f3 Social:<\/strong> VZfarma S.L.U.<\/li><li><strong>Domicili Social:<\/strong> C\/ LLEIDA, 76 (BAJOS) Alpicat Lleida<\/li><li><strong>CIF:<\/strong> B-72567274<\/li><li><strong>Tel\u00e8fon:<\/strong> 629 77 43 83<\/li><li><strong>E-mail: <\/strong>joel@vzfarma.com<\/li><li><strong>Lloc web: <\/strong>https:\/\/vzfarma.net\/<\/li><\/ul><h2>1. Objete<\/h2><p>VZfarma S.L.U. (d&#8217;ara endavant tamb\u00e9 el prestador) com responsable de lloc web, posa a disposici\u00f3 dels usuaris el seg\u00fcent document, que regula l&#8217;\u00fas del lloc web https:\/\/vzfarma.net\/, amb ell pretenem complir les obligacions que disposa la Llei 34\/2002, de Serveis de la Societat de la Informaci\u00f3 y del Comer\u00e7 Electr\u00f2nic (LSSICE o LSSI), aix\u00ed com informar tots els usuaris del lloc web respecte de quins s\u00f3n les condicions d&#8217;\u00fas del lloc web.<\/p><p>A trav\u00e9s de la Web,VZfarma S.L.U. \u00a0facilita als usuaris l&#8217;acc\u00e9s i la utilitzaci\u00f3 de diferents serveis i continguts posats a disposici\u00f3 a trav\u00e9s de la web.<\/p><p>Tota persona que accedeixi a aquesta web assumeix el paper d&#8217;usuari (d&#8217;ara endavant l&#8217;usuari), i implica l&#8217;acceptaci\u00f3 plena i sense reserves de totes i cadascuna de les disposicions incloses en aquest av\u00eds legal, aix\u00ed com qualsevol altra disposici\u00f3 legal que fos d&#8217;aplicaci\u00f3.<\/p><p>Com a usuaris, heu de llegir atentament aquest Av\u00eds Legal en qualsevol de les ocasions que accediu a la web, ja que aquesta pot patir modificacions ja que el prestador es reserva el dret a modificar qualsevol tipus d&#8217;informaci\u00f3 que pogu\u00e9s apar\u00e8ixer a la web, sense que existeixi la obligaci\u00f3 de preavisar o posar en coneixement dels usuaris aquestes obligacions, sent suficient la publicaci\u00f3 al lloc web del prestador.<br \/>2. Condicions d&#8217;acc\u00e9s i \u00fas de la web<\/p><h3>2.1. Car\u00e0cter gratu\u00eft de l&#8217;acc\u00e9s i l&#8217;\u00fas de la web<\/h3><p>La prestaci\u00f3 dels serveis per part de VZfarma S.L.U.\u00a0t\u00e9 car\u00e0cter gratu\u00eft per a tots els Usuaris. No obstant, alguns dels serveis subministrats pel prestador o per tercers a trav\u00e9s del web estan subjectes al pagament d&#8217;un preu determinat a les condicions generals de contractaci\u00f3.<\/p><h3>2.2. Registre d&#8217;Usuari<\/h3><p>A tots els efectes la prestaci\u00f3 dels Serveis no exigeix \u200b\u200bla pr\u00e8via subscripci\u00f3 o registre dels Usuaris. Encara i aix\u00ed, VZfarma S.L.U.\u00a0condiciona l&#8217;\u00fas d&#8217;alguns dels serveis a l&#8217;emplenament previ del corresponent registre d&#8217;Usuari. Aquest registre s&#8217;efectuar\u00e0 en la forma expressament indicada a la pr\u00f2pia secci\u00f3 del servei.<\/p><h3>2.3. Veracitat de la informaci\u00f3<\/h3><p>Tota la informaci\u00f3 que facilita l&#8217;Usuari t\u00e9 que ser vera\u00e7. A aquests efectes, l&#8217;usuari garanteix l&#8217;autenticitat de les dades comunicades a trav\u00e9s dels formularis per a la subscripci\u00f3 dels Serveis. Ser\u00e0 responsabilitat de l&#8217;Usuari mantenir tota la informaci\u00f3 facilitada VZfarma S.L.U. \u00a0permanentment actualitzada de manera que respongui, en cada moment, a la seva situaci\u00f3 real. En tot cas, l&#8217;Usuari ser\u00e0 l&#8217;\u00fanic responsable de les manifestacions falses o inexactes que faci i dels perjudicis que causi al prestador o tercers.<\/p><h3>2.4. Menors d&#8217;edat<\/h3><p>Per a l&#8217;\u00fas dels serveis, els menors d&#8217;edat han d&#8217;obtenir sempre pr\u00e8viament el consentiment dels pares, tutors o representants legals, responsables \u00faltims de tots els actes realitzats pels menors al seu c\u00e0rrec. La responsabilitat en la determinaci\u00f3 de continguts concrets als quals accedeixen els menors correspon a aquells, \u00e9s per aix\u00f2 que si accedeixen a continguts no apropiats per Internet, s&#8217;hauran d&#8217;establir als seus ordinadors mecanismes, en particular programes inform\u00e0tics, filtres i bloquejos, que permetin limitar els continguts disponibles i, tot i que no siguin infal\u00b7libles, s\u00f3n d&#8217;especial utilitat per controlar i restringir els materials a qu\u00e8 poden accedir els menors.<\/p><h3>2.5. Obligaci\u00f3 de fer un \u00fas correcte de la Web<\/h3><p>L&#8217;Usuari es compromet a utilitzar la Web de conformitat a la Llei i al present Av\u00eds Legal, aix\u00ed com a la moral i als bons costums. A aquest efecte, l&#8217;Usuari s&#8217;abstindr\u00e0 d&#8217;utilitzar la p\u00e0gina amb finalitats il\u00b7l\u00edcites o prohibides, lesives de drets i interessos de tercers, o que de qualsevol manera puguin danyar, inutilitzar, sobrecarregar, deteriorar o impedir la utilitzaci\u00f3 normal d&#8217;equips inform\u00e0tics o documents, arxius i tota mena de continguts emmagatzemats en qualsevol equip inform\u00e0tic del prestador.<br \/>En particular, i a t\u00edtol indicatiu per\u00f2 no exhaustiu, l&#8217;Usuari es compromet a no transmetre, difondre o posar a disposici\u00f3 de tercers informacions, dades, continguts, missatges, gr\u00e0fics, dibuixos, arxius de so o imatge, fotografies, gravacions, software i, en general, qualsevol classe de material que:<\/p><p>(a) sigui contr\u00e0ria, menysprea o atempti contra els drets fonamentals i les llibertats p\u00fabliques reconegudes constitucionalment, en tractats internacionals i altres normes vigents;<\/p><p>(b) indueixi, inciti o promogui actuacions delictives, denigrants, difamat\u00f2ries, violentes o, en general, contr\u00e0ries a la llei, a la moral i a l&#8217;ordre p\u00fablic;<\/p><p>(c) indueixi, inciti o promogui actuacions, actituds o pensaments discriminatoris per ra\u00f3 de sexe, ra\u00e7a, religi\u00f3, creences, edat o condici\u00f3;<\/p><p>(d) sigui contrari al dret a l&#8217;honor, a la intimitat personal o familiar o a la pr\u00f2pia imatge de les persones;<\/p><p>(e) de qualsevol manera perjudiqui la credibilitat del prestador o de tercers; i<\/p><p>(f) constitueixi publicitat il\u00b7l\u00edcita, enganyosa o deslleial.<\/p><h2>3. Exclusi\u00f3 de garanties y responsabilitat<\/h2><p>El prestador s&#8217;eximeix de qualsevol tipus de responsabilitat derivada de la informaci\u00f3 publicada al nostre lloc web, sempre que aquesta informaci\u00f3 hagi estat manipulada o introdu\u00efda per un tercer ali\u00e8.<\/p><p>Aquesta web ha estat revisada i provada perqu\u00e8 funcioni correctament. En principi, es pot garantir el funcionament correcte els 365 dies de l&#8217;any, 24 hores al dia. Tot i aix\u00f2, el prestador no descarta la possibilitat que hi hagi determinats errors de programaci\u00f3, o que succeeixin causes de for\u00e7a major, cat\u00e0strofes naturals, vagues, o circumst\u00e0ncies semblants que facin impossible l&#8217;acc\u00e9s a la p\u00e0gina web.<\/p><p>VZfarma S.L.U. no atorga cap garantia ni es fa responsable, en cap cas, dels danys i perjudicis de qualsevol naturalesa que puguin sortir a col\u00b7laci\u00f3 de la manca de disponibilitat, manteniment i efectiu funcionament de la web o dels seus serveis i continguts; de l&#8217;exist\u00e8ncia de virus, programes maliciosos o lesius als continguts; de l&#8217;\u00fas il\u00b7l\u00edcit, negligent, fraudulent o contrari a aquest Av\u00eds Legal i condicions d&#8217;\u00fas; o de la manca de licitud, qualitat, fiabilitat, utilitat i disponibilitat dels serveis prestats per tercers i posats a disposici\u00f3 dels usuaris al lloc web. El prestador no es fa responsable sota cap concepte dels danys que puguin dimanar de l&#8217;\u00fas il\u00b7legal o indegut de la present p\u00e0gina web.<\/p><h2>4. Cookies<\/h2><p>El lloc web del prestador pot utilitzar cookies (petits fitxers d&#8217;informaci\u00f3 que el servidor envia a l&#8217;ordinador de qui accedeix a la p\u00e0gina) per dur a terme determinades funcions que s\u00f3n considerades imprescindibles per al correcte funcionament i visualitzaci\u00f3 del lloc. Les cookies utilitzades tenen, en tot cas, car\u00e0cter temporal, amb l&#8217;\u00fanica finalitat de fer m\u00e9s efica\u00e7 la navegaci\u00f3, i desapareixen en acabar la sessi\u00f3 de l&#8217;usuari.<\/p><p>En cap cas s&#8217;utilitzaran les cookies per recollir informaci\u00f3 de car\u00e0cter personal.<br \/>Per a m\u00e9s informaci\u00f3, vegeu la nostra Pol\u00edtica de Cookies.<\/p><h2>5.- Enlla\u00e7os (links)<\/h2><p>Des del lloc web \u00e9s possible que es redirigeixi a continguts de terceres webs. Donat que des de la web no podem controlar sempre els continguts introdu\u00efts pels tercers, VZfarma S.L.U.\u00a0no assumeix cap tipus de responsabilitat respecte a aquests continguts. En tot cas, el prestador manifesta que procedir\u00e0 a la retirada immediata de qualsevol contingut que pogu\u00e9s contravenir la legislaci\u00f3 nacional o internacional, la moral o l&#8217;ordre p\u00fablic, procedint a la retirada immediata de la redirecci\u00f3 a aquests webs, posant en coneixement de les autoritats competents el contingut en q\u00fcesti\u00f3.<\/p><p>El prestador no es responsabilitza de la informaci\u00f3 i continguts emmagatzemats, a t\u00edtol enunciatiu per\u00f2 no limitant, en f\u00f2rums, xats, generadors de blogs, comentaris, xarxes socials o qualsevol altre mitj\u00e0 que permeti a tercers publicar continguts de forma independent a la p\u00e0gina web del prestador. Tot i aix\u00f2 i en compliment del que disposa l&#8217;art. 11 i 16 de la LSSICE, el prestador es posa a disposici\u00f3 de tots els usuaris, autoritats i forces de seguretat, i col\u00b7laborant de forma activa en la retirada o, quan sigui necessari, el bloqueig de tots aquells continguts que puguin afectar o contravenir la legislaci\u00f3 nacional, o internacional, drets de tercers o la moral i l&#8217;ordre p\u00fablic. En cas que l&#8217;usuari consideri que pot existir algun contingut que pogu\u00e9s ser susceptible d&#8217;aquesta classificaci\u00f3, es prega que ho notifiqui de manera immediata a l&#8217;administrador del lloc web.<\/p><h2>6.- Protecci\u00f3 de dades personals<\/h2><p>El prestador est\u00e0 profundament comprom\u00e8s amb el compliment de la normativa de protecci\u00f3 de dades personals i garanteix el compliment \u00edntegre de les obligacions disposades, aix\u00ed com la implementaci\u00f3 de les mesures de seguretat disposades al Reglament Europeu de Protecci\u00f3 de dades i la normativa espanyola de protecci\u00f3 de dades.<\/p><p>Per m\u00e9s informaci\u00f3, vegi la nostra <a href=\"https:\/\/vunkers.com\/politica-de-privacidad\/\" target=\"_blank\" rel=\"noopener noreferrer\">Pol\u00edtica de Privacitat<\/a>.<\/p><h2>7.- Xarxes socials<\/h2><p>L&#8217;informem que VZfarma S.L.U. pot estar present en xarxes socials. El tractament de les dades que els usuaris incloguin [haci\u00e9ndose seguidores del prestador en las redes sociales (y\/o realicen cualquier v\u00ednculo o acci\u00f3n de conexi\u00f3n a trav\u00e9s de \u00e9stas)] es regir\u00e0 per aquest apartat, aix\u00ed com per les condicions d&#8217;\u00fas, pol\u00edtiques de privacitat i normatives d&#8217;acc\u00e9s i \u00fas de les xarxes socials en q\u00fcesti\u00f3 i acceptades pr\u00e8viament per l&#8217;usuari. VZfarma S.L.U.\u00a0tractar\u00e0 les vostres dades per informar-vos de les activitats, productes o serveis del prestador a trav\u00e9s d&#8217;aquestes xarxes socials, aix\u00ed com per a qualsevol altra finalitat que les normatives de les Xarxes Socials permetin, per\u00f2 no es far\u00e0 responsable de les seves pol\u00edtiques de privadesa.<\/p><p>Queda prohibida la publicaci\u00f3 de continguts:<\/p><p>\u2013 Que siguin presumptament il\u00b7l\u00edcits per la normativa nacional, comunit\u00e0ria o internacional o que facin activitats presumptament il\u00b7l\u00edcites o contravinguin els principis de la bona fe.<\/p><p>\u2013 Que atemptin contra els drets fonamentals de les persones, faltin a la cortesia a la xarxa, molestin o puguin generar opinions negatives als nostres usuaris o tercers i en general qualsevol contingut que VZfarma S.L.U.\u00a0consideri no apropiats.<\/p><p>\u2013 I en general que contravinguin els principis de legalitat, honorabilitat, responsabilitat, protecci\u00f3 de la dignitat humana, protecci\u00f3 de menors, protecci\u00f3 de l&#8217;ordre p\u00fablic, la protecci\u00f3 de la vida privada, la protecci\u00f3 del consumidor i els drets de propietat intel\u00b7lectual i industrial.<\/p><p>Encara i aix\u00ed, VZfarma S.L.U.<span style=\"color: #ff0000;\">\u00a0<\/span>es reserva la potestat de retirar, sense av\u00eds previ de la p\u00e0gina web o de la xarxa social corporativa aquells continguts que es considerin no apropiats.<\/p><h2>8.- Propietat intel\u00b7lectual e industrial<\/h2><p>El lloc web, incloent a t\u00edtol enunciatiu per\u00f2 no limitatiu la programaci\u00f3, edici\u00f3, compilaci\u00f3 i altres elements necessaris per al seu funcionament, els dissenys, logotips, texts, fotografies i\/o gr\u00e0fics s\u00f3n propietat del prestador o, en cas que fos necessari, disposa de la llic\u00e8ncia o autoritzaci\u00f3 expressa per part dels autors. Tots els continguts del lloc web estan degudament protegits per la normativa de propietat intel\u00b7lectual i industrial.<\/p><p>Independentment de la finalitat per la qual fossin destinats, la reproducci\u00f3 total o parcial, \u00fas, distribuci\u00f3 i comunicaci\u00f3 p\u00fablica requereixen l&#8217;autoritzaci\u00f3 escrita pr\u00e8via per part del prestador. Qualsevol \u00fas no autoritzat pr\u00e8viament per part del prestador ser\u00e0 considerat un incompliment greu dels drets de propietat intel\u00b7lectual o industrial de l&#8217;autor.<\/p><p>Els dissenys, logotips, texts i\/o gr\u00e0fics aliens al prestador i que puguin apar\u00e8ixer al lloc web, pertanyen als seus respectius propietaris, sent ells mateixos els responsables de qualsevol possible controv\u00e8rsia que pogu\u00e9s esdevenir respecte a aquests. En tot cas, el prestador compta amb l&#8217;autoritzaci\u00f3 expressa y pr\u00e8via d&#8217;aquests.<\/p><p>El prestador reconeix a favor dels seus titulars els corresponents drets de propietat industrial i intel\u00b7lectual, i no implica la menci\u00f3 o aparici\u00f3 al lloc web, de l&#8217;exist\u00e8ncia de drets o cap responsabilitat del prestador sobre aquests, com tampoc suport, patrocini o recomanaci\u00f3 pel seu part.<\/p><p>Per fer qualsevol tipus d&#8217;observaci\u00f3 respecte a possibles incompliments dels drets de propietat intel\u00b7lectual o industrial, aix\u00ed com sobre qualsevol dels continguts del lloc web, ho podeu fer a trav\u00e9s del correu electr\u00f2nic a dalt ressenyat.<\/p><h2>9.- Llei aplicable i jurisdicci\u00f3<\/h2><p>Per a la resoluci\u00f3 de les controv\u00e8rsies o q\u00fcestions relacionades amb la present p\u00e0gina web o de les activitats en aquesta desenvolupades, ser\u00e0 aplicable la legislaci\u00f3 espanyola, a la qual se sotmeten expressament les parts, sent competents per la resoluci\u00f3 de tots els conflictes derivats o relacionats amb el seu \u00fas els Jutjats i els Tribunals de Lleida.<\/p>\t\t\t\t\t\t\t\t<\/div>\n\t\t\t\t<\/div>\n\t\t\t\t\t<\/div>\n\t\t<\/div>\n\t\t\t\t\t<\/div>\n\t\t<\/section>\n\t\t\t\t<\/div>\n\t\t","protected":false},"excerpt":{"rendered":"<p>Per tal de complir l&#8217;article 10 de la Llei 34\/2002 de Serveis de la Societat de la Informaci\u00f3 i del Comer\u00e7 Electr\u00f2nic, informem als usuaris de les nostres dades: Denominaci\u00f3 Social: VZfarma S.L.U. Domicili Social: C\/ LLEIDA, 76 (BAJOS) Alpicat Lleida CIF: B-72567274 Tel\u00e8fon: 629 77 43 83 E-mail: joel@vzfarma.com Lloc web: https:\/\/vzfarma.net\/ 1. Objete [&hellip;]<\/p>\n","protected":false},"author":1,"featured_media":0,"parent":0,"menu_order":7,"comment_status":"closed","ping_status":"closed","template":"elementor_header_footer","meta":{"footnotes":""},"class_list":["post-875","page","type-page","status-publish","hentry"],"yoast_head":"<!-- This site is optimized with the Yoast SEO plugin v27.5 - https:\/\/yoast.com\/product\/yoast-seo-wordpress\/ -->\n<title>Av\u00eds legal - VZfarma<\/title>\n<meta name=\"description\" content=\"Per tal de complir l&#039;article 10 de la Llei 34\/2002 de Serveis de la Societat de la Informaci\u00f3 i del Comer\u00e7 Electr\u00f2nic, informem als usuaris de les nostres\" \/>\n<meta name=\"robots\" content=\"noindex, nofollow\" \/>\n<meta property=\"og:locale\" content=\"ca_ES\" \/>\n<meta property=\"og:type\" content=\"article\" \/>\n<meta property=\"og:title\" content=\"Av\u00eds legal - VZfarma\" \/>\n<meta property=\"og:description\" content=\"Per tal de complir l&#039;article 10 de la Llei 34\/2002 de Serveis de la Societat de la Informaci\u00f3 i del Comer\u00e7 Electr\u00f2nic, informem als usuaris de les nostres\" \/>\n<meta property=\"og:url\" content=\"https:\/\/vzfarma.net\/ca\/aviso-legal\/\" \/>\n<meta property=\"og:site_name\" content=\"VZfarma\" \/>\n<meta property=\"article:modified_time\" content=\"2024-01-10T07:51:55+00:00\" \/>\n<meta name=\"twitter:card\" content=\"summary_large_image\" \/>\n<meta name=\"twitter:label1\" content=\"Temps estimat de lectura\" \/>\n\t<meta name=\"twitter:data1\" content=\"11 minuts\" \/>\n<script type=\"application\/ld+json\" class=\"yoast-schema-graph\">{\"@context\":\"https:\\\/\\\/schema.org\",\"@graph\":[{\"@type\":\"WebPage\",\"@id\":\"https:\\\/\\\/vzfarma.net\\\/ca\\\/aviso-legal\\\/\",\"url\":\"https:\\\/\\\/vzfarma.net\\\/ca\\\/aviso-legal\\\/\",\"name\":\"Av\u00eds legal - VZfarma\",\"isPartOf\":{\"@id\":\"https:\\\/\\\/vzfarma.net\\\/ca\\\/#website\"},\"datePublished\":\"2020-08-20T11:03:10+00:00\",\"dateModified\":\"2024-01-10T07:51:55+00:00\",\"description\":\"Per tal de complir l'article 10 de la Llei 34\\\/2002 de Serveis de la Societat de la Informaci\u00f3 i del Comer\u00e7 Electr\u00f2nic, informem als usuaris de les nostres\",\"inLanguage\":\"ca\",\"potentialAction\":[{\"@type\":\"ReadAction\",\"target\":[\"https:\\\/\\\/vzfarma.net\\\/ca\\\/aviso-legal\\\/\"]}]},{\"@type\":\"WebSite\",\"@id\":\"https:\\\/\\\/vzfarma.net\\\/ca\\\/#website\",\"url\":\"https:\\\/\\\/vzfarma.net\\\/ca\\\/\",\"name\":\"VZfarma\",\"description\":\"Log\u00edstica de salud, entregamos bienestar\",\"publisher\":{\"@id\":\"https:\\\/\\\/vzfarma.net\\\/ca\\\/#organization\"},\"potentialAction\":[{\"@type\":\"SearchAction\",\"target\":{\"@type\":\"EntryPoint\",\"urlTemplate\":\"https:\\\/\\\/vzfarma.net\\\/ca\\\/?s={search_term_string}\"},\"query-input\":{\"@type\":\"PropertyValueSpecification\",\"valueRequired\":true,\"valueName\":\"search_term_string\"}}],\"inLanguage\":\"ca\"},{\"@type\":\"Organization\",\"@id\":\"https:\\\/\\\/vzfarma.net\\\/ca\\\/#organization\",\"name\":\"VZfarma\",\"url\":\"https:\\\/\\\/vzfarma.net\\\/ca\\\/\",\"logo\":{\"@type\":\"ImageObject\",\"inLanguage\":\"ca\",\"@id\":\"https:\\\/\\\/vzfarma.net\\\/ca\\\/#\\\/schema\\\/logo\\\/image\\\/\",\"url\":\"https:\\\/\\\/vzfarma.net\\\/wp-content\\\/uploads\\\/4_LOGO-VZ-FARMA-JPG-1.jpg\",\"contentUrl\":\"https:\\\/\\\/vzfarma.net\\\/wp-content\\\/uploads\\\/4_LOGO-VZ-FARMA-JPG-1.jpg\",\"width\":1353,\"height\":957,\"caption\":\"VZfarma\"},\"image\":{\"@id\":\"https:\\\/\\\/vzfarma.net\\\/ca\\\/#\\\/schema\\\/logo\\\/image\\\/\"}}]}<\/script>\n<!-- \/ Yoast SEO plugin. -->","yoast_head_json":{"title":"Av\u00eds legal - VZfarma","description":"Per tal de complir l'article 10 de la Llei 34\/2002 de Serveis de la Societat de la Informaci\u00f3 i del Comer\u00e7 Electr\u00f2nic, informem als usuaris de les nostres","robots":{"index":"noindex","follow":"nofollow"},"og_locale":"ca_ES","og_type":"article","og_title":"Av\u00eds legal - VZfarma","og_description":"Per tal de complir l'article 10 de la Llei 34\/2002 de Serveis de la Societat de la Informaci\u00f3 i del Comer\u00e7 Electr\u00f2nic, informem als usuaris de les nostres","og_url":"https:\/\/vzfarma.net\/ca\/aviso-legal\/","og_site_name":"VZfarma","article_modified_time":"2024-01-10T07:51:55+00:00","twitter_card":"summary_large_image","twitter_misc":{"Temps estimat de lectura":"11 minuts"},"schema":{"@context":"https:\/\/schema.org","@graph":[{"@type":"WebPage","@id":"https:\/\/vzfarma.net\/ca\/aviso-legal\/","url":"https:\/\/vzfarma.net\/ca\/aviso-legal\/","name":"Av\u00eds legal - VZfarma","isPartOf":{"@id":"https:\/\/vzfarma.net\/ca\/#website"},"datePublished":"2020-08-20T11:03:10+00:00","dateModified":"2024-01-10T07:51:55+00:00","description":"Per tal de complir l'article 10 de la Llei 34\/2002 de Serveis de la Societat de la Informaci\u00f3 i del Comer\u00e7 Electr\u00f2nic, informem als usuaris de les nostres","inLanguage":"ca","potentialAction":[{"@type":"ReadAction","target":["https:\/\/vzfarma.net\/ca\/aviso-legal\/"]}]},{"@type":"WebSite","@id":"https:\/\/vzfarma.net\/ca\/#website","url":"https:\/\/vzfarma.net\/ca\/","name":"VZfarma","description":"Log\u00edstica de salud, entregamos bienestar","publisher":{"@id":"https:\/\/vzfarma.net\/ca\/#organization"},"potentialAction":[{"@type":"SearchAction","target":{"@type":"EntryPoint","urlTemplate":"https:\/\/vzfarma.net\/ca\/?s={search_term_string}"},"query-input":{"@type":"PropertyValueSpecification","valueRequired":true,"valueName":"search_term_string"}}],"inLanguage":"ca"},{"@type":"Organization","@id":"https:\/\/vzfarma.net\/ca\/#organization","name":"VZfarma","url":"https:\/\/vzfarma.net\/ca\/","logo":{"@type":"ImageObject","inLanguage":"ca","@id":"https:\/\/vzfarma.net\/ca\/#\/schema\/logo\/image\/","url":"https:\/\/vzfarma.net\/wp-content\/uploads\/4_LOGO-VZ-FARMA-JPG-1.jpg","contentUrl":"https:\/\/vzfarma.net\/wp-content\/uploads\/4_LOGO-VZ-FARMA-JPG-1.jpg","width":1353,"height":957,"caption":"VZfarma"},"image":{"@id":"https:\/\/vzfarma.net\/ca\/#\/schema\/logo\/image\/"}}]}},"_links":{"self":[{"href":"https:\/\/vzfarma.net\/ca\/wp-json\/wp\/v2\/pages\/875","targetHints":{"allow":["GET"]}}],"collection":[{"href":"https:\/\/vzfarma.net\/ca\/wp-json\/wp\/v2\/pages"}],"about":[{"href":"https:\/\/vzfarma.net\/ca\/wp-json\/wp\/v2\/types\/page"}],"author":[{"embeddable":true,"href":"https:\/\/vzfarma.net\/ca\/wp-json\/wp\/v2\/users\/1"}],"replies":[{"embeddable":true,"href":"https:\/\/vzfarma.net\/ca\/wp-json\/wp\/v2\/comments?post=875"}],"version-history":[{"count":20,"href":"https:\/\/vzfarma.net\/ca\/wp-json\/wp\/v2\/pages\/875\/revisions"}],"predecessor-version":[{"id":4657,"href":"https:\/\/vzfarma.net\/ca\/wp-json\/wp\/v2\/pages\/875\/revisions\/4657"}],"wp:attachment":[{"href":"https:\/\/vzfarma.net\/ca\/wp-json\/wp\/v2\/media?parent=875"}],"curies":[{"name":"wp","href":"https:\/\/api.w.org\/{rel}","templated":true}]}}