{"id":4504,"date":"2023-12-22T14:19:49","date_gmt":"2023-12-22T13:19:49","guid":{"rendered":"https:\/\/vzfarma.vunkers.dev\/serveis\/"},"modified":"2024-01-11T12:00:12","modified_gmt":"2024-01-11T11:00:12","slug":"serveis","status":"publish","type":"page","link":"https:\/\/vzfarma.net\/ca\/serveis\/","title":{"rendered":"Serveis"},"content":{"rendered":"\t\t<div data-elementor-type=\"wp-page\" data-elementor-id=\"4504\" class=\"elementor elementor-4504 elementor-4310\" data-elementor-post-type=\"page\">\n\t\t\t\t\t\t<section class=\"elementor-section elementor-top-section elementor-element elementor-element-7ed92210 elementor-section-boxed elementor-section-height-default elementor-section-height-default\" data-id=\"7ed92210\" data-element_type=\"section\" data-e-type=\"section\" data-settings=\"{&quot;background_background&quot;:&quot;classic&quot;}\">\n\t\t\t\t\t\t\t<div class=\"elementor-background-overlay\"><\/div>\n\t\t\t\t\t\t\t<div class=\"elementor-container elementor-column-gap-default\">\n\t\t\t\t\t<div class=\"elementor-column elementor-col-100 elementor-top-column elementor-element elementor-element-11660c16\" data-id=\"11660c16\" data-element_type=\"column\" data-e-type=\"column\">\n\t\t\t<div class=\"elementor-widget-wrap elementor-element-populated\">\n\t\t\t\t\t\t<section class=\"elementor-section elementor-inner-section elementor-element elementor-element-2784ca46 elementor-section-boxed elementor-section-height-default elementor-section-height-default\" data-id=\"2784ca46\" data-element_type=\"section\" data-e-type=\"section\" data-settings=\"{&quot;background_background&quot;:&quot;classic&quot;}\">\n\t\t\t\t\t\t<div class=\"elementor-container elementor-column-gap-default\">\n\t\t\t\t\t<div class=\"elementor-column elementor-col-50 elementor-inner-column elementor-element elementor-element-5f9332e\" data-id=\"5f9332e\" data-element_type=\"column\" data-e-type=\"column\">\n\t\t\t<div class=\"elementor-widget-wrap elementor-element-populated\">\n\t\t\t\t\t\t<div class=\"elementor-element elementor-element-28c0d296 elementor--h-position-center elementor--v-position-middle elementor-arrows-position-inside elementor-widget elementor-widget-slides\" data-id=\"28c0d296\" data-element_type=\"widget\" data-e-type=\"widget\" data-settings=\"{&quot;navigation&quot;:&quot;arrows&quot;,&quot;autoplay&quot;:&quot;yes&quot;,&quot;pause_on_hover&quot;:&quot;yes&quot;,&quot;pause_on_interaction&quot;:&quot;yes&quot;,&quot;autoplay_speed&quot;:5000,&quot;infinite&quot;:&quot;yes&quot;,&quot;transition&quot;:&quot;slide&quot;,&quot;transition_speed&quot;:500}\" data-widget_type=\"slides.default\">\n\t\t\t\t<div class=\"elementor-widget-container\">\n\t\t\t\t\t\t\t\t\t<div class=\"elementor-swiper\">\n\t\t\t\t\t<div class=\"elementor-slides-wrapper elementor-main-swiper swiper\" role=\"region\" aria-roledescription=\"carousel\" aria-label=\"Diapositives\" dir=\"ltr\" data-animation=\"fadeInUp\">\n\t\t\t\t<div class=\"swiper-wrapper elementor-slides\">\n\t\t\t\t\t\t\t\t\t\t<div class=\"elementor-repeater-item-3abca1c swiper-slide\" role=\"group\" aria-roledescription=\"slide\"><div class=\"swiper-slide-bg\" role=\"img\" aria-label=\"9_vehicule-utilitaire-vehicule-utilitaire-frigorifiqueMERCEDES-BENZ-SPRINTER-314CDI-PHARMA-25C-EXPORT-PRICE---1611250956611173847_big--20102118151395458900\"><\/div><div class=\"swiper-slide-inner\" ><div class=\"swiper-slide-contents\"><\/div><\/div><\/div>\t\t\t\t<\/div>\n\t\t\t\t\t\t\t<\/div>\n\t\t\t\t<\/div>\n\t\t\t\t\t\t\t\t<\/div>\n\t\t\t\t<\/div>\n\t\t\t\t\t<\/div>\n\t\t<\/div>\n\t\t\t\t<div class=\"elementor-column elementor-col-50 elementor-inner-column elementor-element elementor-element-38e38571\" data-id=\"38e38571\" data-element_type=\"column\" data-e-type=\"column\">\n\t\t\t<div class=\"elementor-widget-wrap elementor-element-populated\">\n\t\t\t\t\t\t<div class=\"elementor-element elementor-element-64e8c273 elementor-widget elementor-widget-heading\" data-id=\"64e8c273\" data-element_type=\"widget\" data-e-type=\"widget\" data-widget_type=\"heading.default\">\n\t\t\t\t<div class=\"elementor-widget-container\">\n\t\t\t\t\t<h2 class=\"elementor-heading-title elementor-size-default\">La nostra flota<\/h2>\t\t\t\t<\/div>\n\t\t\t\t<\/div>\n\t\t\t\t<div class=\"elementor-element elementor-element-1cfa8665 elementor-widget elementor-widget-text-editor\" data-id=\"1cfa8665\" data-element_type=\"widget\" data-e-type=\"widget\" data-widget_type=\"text-editor.default\">\n\t\t\t\t<div class=\"elementor-widget-container\">\n\t\t\t\t\t\t\t\t\t<p>Els nostres serveis estan garantits i validats per disposar d\u00b4una flota d\u00b4\u00faltima generaci\u00f3 de vehicles lleugers amb la mara Mercedes Sprinter per aportar una m\u00e0xima fiabilitat al servei. Tots els nostres vehicles estan adaptats amb temperatura +15\u00ba+25\u00ba per a productes farmac\u00e8utics i en 2\u00ba-8\u00ba per a productes tremol\u00e0bils.<\/p>\n\t\t\t\t\t\t\t\t<\/div>\n\t\t\t\t<\/div>\n\t\t\t\t\t<\/div>\n\t\t<\/div>\n\t\t\t\t\t<\/div>\n\t\t<\/section>\n\t\t\t\t<section class=\"elementor-section elementor-inner-section elementor-element elementor-element-45d0d96 elementor-reverse-tablet elementor-reverse-mobile elementor-section-boxed elementor-section-height-default elementor-section-height-default\" data-id=\"45d0d96\" data-element_type=\"section\" data-e-type=\"section\" data-settings=\"{&quot;background_background&quot;:&quot;classic&quot;}\">\n\t\t\t\t\t\t<div class=\"elementor-container elementor-column-gap-default\">\n\t\t\t\t\t<div class=\"elementor-column elementor-col-50 elementor-inner-column elementor-element elementor-element-3fc7fac3\" data-id=\"3fc7fac3\" data-element_type=\"column\" data-e-type=\"column\">\n\t\t\t<div class=\"elementor-widget-wrap elementor-element-populated\">\n\t\t\t\t\t\t<div class=\"elementor-element elementor-element-597aa658 elementor-widget elementor-widget-heading\" data-id=\"597aa658\" data-element_type=\"widget\" data-e-type=\"widget\" data-widget_type=\"heading.default\">\n\t\t\t\t<div class=\"elementor-widget-container\">\n\t\t\t\t\t<h2 class=\"elementor-heading-title elementor-size-default\">Serveis premium de recollida de mostres<\/h2>\t\t\t\t<\/div>\n\t\t\t\t<\/div>\n\t\t\t\t<div class=\"elementor-element elementor-element-7856a9c0 elementor-widget elementor-widget-text-editor\" data-id=\"7856a9c0\" data-element_type=\"widget\" data-e-type=\"widget\" data-widget_type=\"text-editor.default\">\n\t\t\t\t<div class=\"elementor-widget-container\">\n\t\t\t\t\t\t\t\t\t<p>Els nostres serveis premium de recollida de mostres biol\u00f2giques recollides i lliuraments de farm\u00e0cia hospital\u00e0ria a comunit\u00e0ria, serveis exclusius de f\u00f3rmules a farm\u00e0cies, entre d&#8217;altres.<\/p>\n\t\t\t\t\t\t\t\t<\/div>\n\t\t\t\t<\/div>\n\t\t\t\t\t<\/div>\n\t\t<\/div>\n\t\t\t\t<div class=\"elementor-column elementor-col-50 elementor-inner-column elementor-element elementor-element-a7adb8c\" data-id=\"a7adb8c\" data-element_type=\"column\" data-e-type=\"column\">\n\t\t\t<div class=\"elementor-widget-wrap elementor-element-populated\">\n\t\t\t\t\t\t<div class=\"elementor-element elementor-element-69cba70c elementor--h-position-center elementor--v-position-middle elementor-arrows-position-inside elementor-widget elementor-widget-slides\" data-id=\"69cba70c\" data-element_type=\"widget\" data-e-type=\"widget\" data-settings=\"{&quot;navigation&quot;:&quot;arrows&quot;,&quot;autoplay&quot;:&quot;yes&quot;,&quot;pause_on_hover&quot;:&quot;yes&quot;,&quot;pause_on_interaction&quot;:&quot;yes&quot;,&quot;autoplay_speed&quot;:5000,&quot;infinite&quot;:&quot;yes&quot;,&quot;transition&quot;:&quot;slide&quot;,&quot;transition_speed&quot;:500}\" data-widget_type=\"slides.default\">\n\t\t\t\t<div class=\"elementor-widget-container\">\n\t\t\t\t\t\t\t\t\t<div class=\"elementor-swiper\">\n\t\t\t\t\t<div class=\"elementor-slides-wrapper elementor-main-swiper swiper\" role=\"region\" aria-roledescription=\"carousel\" aria-label=\"Diapositives\" dir=\"ltr\" data-animation=\"fadeInUp\">\n\t\t\t\t<div class=\"swiper-wrapper elementor-slides\">\n\t\t\t\t\t\t\t\t\t\t<div class=\"elementor-repeater-item-3abca1c swiper-slide\" role=\"group\" aria-roledescription=\"slide\"><div class=\"swiper-slide-bg\" role=\"img\" aria-label=\"jan-kopriva-b6fns2kOFsk-unsplash\"><\/div><div class=\"swiper-slide-inner\" ><div class=\"swiper-slide-contents\"><\/div><\/div><\/div>\t\t\t\t<\/div>\n\t\t\t\t\t\t\t<\/div>\n\t\t\t\t<\/div>\n\t\t\t\t\t\t\t\t<\/div>\n\t\t\t\t<\/div>\n\t\t\t\t\t<\/div>\n\t\t<\/div>\n\t\t\t\t\t<\/div>\n\t\t<\/section>\n\t\t\t\t\t<\/div>\n\t\t<\/div>\n\t\t\t\t\t<\/div>\n\t\t<\/section>\n\t\t\t\t<\/div>\n\t\t","protected":false},"excerpt":{"rendered":"<p>La nostra flota Els nostres serveis estan garantits i validats per disposar d\u00b4una flota d\u00b4\u00faltima generaci\u00f3 de vehicles lleugers amb la mara Mercedes Sprinter per aportar una m\u00e0xima fiabilitat al servei. Tots els nostres vehicles estan adaptats amb temperatura +15\u00ba+25\u00ba per a productes farmac\u00e8utics i en 2\u00ba-8\u00ba per a productes tremol\u00e0bils. Serveis premium de recollida [&hellip;]<\/p>\n","protected":false},"author":3,"featured_media":0,"parent":0,"menu_order":0,"comment_status":"closed","ping_status":"closed","template":"","meta":{"footnotes":""},"class_list":["post-4504","page","type-page","status-publish","hentry"],"yoast_head":"<!-- This site is optimized with the Yoast SEO plugin v27.5 - https:\/\/yoast.com\/product\/yoast-seo-wordpress\/ -->\n<title>Serveis - VZfarma<\/title>\n<meta name=\"description\" content=\"La nostra flota Els nostres serveis estan garantits i validats per disposar d\u00b4una flota d\u00b4\u00faltima generaci\u00f3 de vehicles lleugers amb la mara Mercedes\" \/>\n<meta name=\"robots\" content=\"index, follow, max-snippet:-1, max-image-preview:large, max-video-preview:-1\" \/>\n<link rel=\"canonical\" href=\"https:\/\/vzfarma.net\/ca\/serveis\/\" \/>\n<meta property=\"og:locale\" content=\"ca_ES\" \/>\n<meta property=\"og:type\" content=\"article\" \/>\n<meta property=\"og:title\" content=\"Serveis - VZfarma\" \/>\n<meta property=\"og:description\" content=\"La nostra flota Els nostres serveis estan garantits i validats per disposar d\u00b4una flota d\u00b4\u00faltima generaci\u00f3 de vehicles lleugers amb la mara Mercedes\" \/>\n<meta property=\"og:url\" content=\"https:\/\/vzfarma.net\/ca\/serveis\/\" \/>\n<meta property=\"og:site_name\" content=\"VZfarma\" \/>\n<meta property=\"article:modified_time\" content=\"2024-01-11T11:00:12+00:00\" \/>\n<meta name=\"twitter:card\" content=\"summary_large_image\" \/>\n<meta name=\"twitter:label1\" content=\"Temps estimat de lectura\" \/>\n\t<meta name=\"twitter:data1\" content=\"1 minut\" \/>\n<script type=\"application\/ld+json\" class=\"yoast-schema-graph\">{\"@context\":\"https:\\\/\\\/schema.org\",\"@graph\":[{\"@type\":\"WebPage\",\"@id\":\"https:\\\/\\\/vzfarma.net\\\/ca\\\/serveis\\\/\",\"url\":\"https:\\\/\\\/vzfarma.net\\\/ca\\\/serveis\\\/\",\"name\":\"Serveis - VZfarma\",\"isPartOf\":{\"@id\":\"https:\\\/\\\/vzfarma.net\\\/ca\\\/#website\"},\"datePublished\":\"2023-12-22T13:19:49+00:00\",\"dateModified\":\"2024-01-11T11:00:12+00:00\",\"description\":\"La nostra flota Els nostres serveis estan garantits i validats per disposar d\u00b4una flota d\u00b4\u00faltima generaci\u00f3 de vehicles lleugers amb la mara Mercedes\",\"inLanguage\":\"ca\",\"potentialAction\":[{\"@type\":\"ReadAction\",\"target\":[\"https:\\\/\\\/vzfarma.net\\\/ca\\\/serveis\\\/\"]}]},{\"@type\":\"WebSite\",\"@id\":\"https:\\\/\\\/vzfarma.net\\\/ca\\\/#website\",\"url\":\"https:\\\/\\\/vzfarma.net\\\/ca\\\/\",\"name\":\"VZfarma\",\"description\":\"Log\u00edstica de salud, entregamos bienestar\",\"publisher\":{\"@id\":\"https:\\\/\\\/vzfarma.net\\\/ca\\\/#organization\"},\"potentialAction\":[{\"@type\":\"SearchAction\",\"target\":{\"@type\":\"EntryPoint\",\"urlTemplate\":\"https:\\\/\\\/vzfarma.net\\\/ca\\\/?s={search_term_string}\"},\"query-input\":{\"@type\":\"PropertyValueSpecification\",\"valueRequired\":true,\"valueName\":\"search_term_string\"}}],\"inLanguage\":\"ca\"},{\"@type\":\"Organization\",\"@id\":\"https:\\\/\\\/vzfarma.net\\\/ca\\\/#organization\",\"name\":\"VZfarma\",\"url\":\"https:\\\/\\\/vzfarma.net\\\/ca\\\/\",\"logo\":{\"@type\":\"ImageObject\",\"inLanguage\":\"ca\",\"@id\":\"https:\\\/\\\/vzfarma.net\\\/ca\\\/#\\\/schema\\\/logo\\\/image\\\/\",\"url\":\"https:\\\/\\\/vzfarma.net\\\/wp-content\\\/uploads\\\/4_LOGO-VZ-FARMA-JPG-1.jpg\",\"contentUrl\":\"https:\\\/\\\/vzfarma.net\\\/wp-content\\\/uploads\\\/4_LOGO-VZ-FARMA-JPG-1.jpg\",\"width\":1353,\"height\":957,\"caption\":\"VZfarma\"},\"image\":{\"@id\":\"https:\\\/\\\/vzfarma.net\\\/ca\\\/#\\\/schema\\\/logo\\\/image\\\/\"}}]}<\/script>\n<!-- \/ Yoast SEO plugin. -->","yoast_head_json":{"title":"Serveis - VZfarma","description":"La nostra flota Els nostres serveis estan garantits i validats per disposar d\u00b4una flota d\u00b4\u00faltima generaci\u00f3 de vehicles lleugers amb la mara Mercedes","robots":{"index":"index","follow":"follow","max-snippet":"max-snippet:-1","max-image-preview":"max-image-preview:large","max-video-preview":"max-video-preview:-1"},"canonical":"https:\/\/vzfarma.net\/ca\/serveis\/","og_locale":"ca_ES","og_type":"article","og_title":"Serveis - VZfarma","og_description":"La nostra flota Els nostres serveis estan garantits i validats per disposar d\u00b4una flota d\u00b4\u00faltima generaci\u00f3 de vehicles lleugers amb la mara Mercedes","og_url":"https:\/\/vzfarma.net\/ca\/serveis\/","og_site_name":"VZfarma","article_modified_time":"2024-01-11T11:00:12+00:00","twitter_card":"summary_large_image","twitter_misc":{"Temps estimat de lectura":"1 minut"},"schema":{"@context":"https:\/\/schema.org","@graph":[{"@type":"WebPage","@id":"https:\/\/vzfarma.net\/ca\/serveis\/","url":"https:\/\/vzfarma.net\/ca\/serveis\/","name":"Serveis - VZfarma","isPartOf":{"@id":"https:\/\/vzfarma.net\/ca\/#website"},"datePublished":"2023-12-22T13:19:49+00:00","dateModified":"2024-01-11T11:00:12+00:00","description":"La nostra flota Els nostres serveis estan garantits i validats per disposar d\u00b4una flota d\u00b4\u00faltima generaci\u00f3 de vehicles lleugers amb la mara Mercedes","inLanguage":"ca","potentialAction":[{"@type":"ReadAction","target":["https:\/\/vzfarma.net\/ca\/serveis\/"]}]},{"@type":"WebSite","@id":"https:\/\/vzfarma.net\/ca\/#website","url":"https:\/\/vzfarma.net\/ca\/","name":"VZfarma","description":"Log\u00edstica de salud, entregamos bienestar","publisher":{"@id":"https:\/\/vzfarma.net\/ca\/#organization"},"potentialAction":[{"@type":"SearchAction","target":{"@type":"EntryPoint","urlTemplate":"https:\/\/vzfarma.net\/ca\/?s={search_term_string}"},"query-input":{"@type":"PropertyValueSpecification","valueRequired":true,"valueName":"search_term_string"}}],"inLanguage":"ca"},{"@type":"Organization","@id":"https:\/\/vzfarma.net\/ca\/#organization","name":"VZfarma","url":"https:\/\/vzfarma.net\/ca\/","logo":{"@type":"ImageObject","inLanguage":"ca","@id":"https:\/\/vzfarma.net\/ca\/#\/schema\/logo\/image\/","url":"https:\/\/vzfarma.net\/wp-content\/uploads\/4_LOGO-VZ-FARMA-JPG-1.jpg","contentUrl":"https:\/\/vzfarma.net\/wp-content\/uploads\/4_LOGO-VZ-FARMA-JPG-1.jpg","width":1353,"height":957,"caption":"VZfarma"},"image":{"@id":"https:\/\/vzfarma.net\/ca\/#\/schema\/logo\/image\/"}}]}},"_links":{"self":[{"href":"https:\/\/vzfarma.net\/ca\/wp-json\/wp\/v2\/pages\/4504","targetHints":{"allow":["GET"]}}],"collection":[{"href":"https:\/\/vzfarma.net\/ca\/wp-json\/wp\/v2\/pages"}],"about":[{"href":"https:\/\/vzfarma.net\/ca\/wp-json\/wp\/v2\/types\/page"}],"author":[{"embeddable":true,"href":"https:\/\/vzfarma.net\/ca\/wp-json\/wp\/v2\/users\/3"}],"replies":[{"embeddable":true,"href":"https:\/\/vzfarma.net\/ca\/wp-json\/wp\/v2\/comments?post=4504"}],"version-history":[{"count":8,"href":"https:\/\/vzfarma.net\/ca\/wp-json\/wp\/v2\/pages\/4504\/revisions"}],"predecessor-version":[{"id":4616,"href":"https:\/\/vzfarma.net\/ca\/wp-json\/wp\/v2\/pages\/4504\/revisions\/4616"}],"wp:attachment":[{"href":"https:\/\/vzfarma.net\/ca\/wp-json\/wp\/v2\/media?parent=4504"}],"curies":[{"name":"wp","href":"https:\/\/api.w.org\/{rel}","templated":true}]}}