{"id":4502,"date":"2023-12-22T14:18:35","date_gmt":"2023-12-22T13:18:35","guid":{"rendered":"https:\/\/vzfarma.vunkers.dev\/sobre-nosaltres\/"},"modified":"2024-01-09T14:21:55","modified_gmt":"2024-01-09T13:21:55","slug":"sobre-nosaltres","status":"publish","type":"page","link":"https:\/\/vzfarma.net\/ca\/sobre-nosaltres\/","title":{"rendered":"Sobre nosaltres"},"content":{"rendered":"\t\t<div data-elementor-type=\"wp-page\" data-elementor-id=\"4502\" class=\"elementor elementor-4502 elementor-4370\" data-elementor-post-type=\"page\">\n\t\t\t\t\t\t<section class=\"elementor-section elementor-top-section elementor-element elementor-element-2229981c elementor-section-boxed elementor-section-height-default elementor-section-height-default\" data-id=\"2229981c\" data-element_type=\"section\" data-e-type=\"section\" data-settings=\"{&quot;background_background&quot;:&quot;classic&quot;}\">\n\t\t\t\t\t\t\t<div class=\"elementor-background-overlay\"><\/div>\n\t\t\t\t\t\t\t<div class=\"elementor-container elementor-column-gap-default\">\n\t\t\t\t\t<div class=\"elementor-column elementor-col-100 elementor-top-column elementor-element elementor-element-269102bc\" data-id=\"269102bc\" data-element_type=\"column\" data-e-type=\"column\">\n\t\t\t<div class=\"elementor-widget-wrap elementor-element-populated\">\n\t\t\t\t\t\t<section class=\"elementor-section elementor-inner-section elementor-element elementor-element-7bae5766 elementor-section-boxed elementor-section-height-default elementor-section-height-default\" data-id=\"7bae5766\" data-element_type=\"section\" data-e-type=\"section\" data-settings=\"{&quot;background_background&quot;:&quot;classic&quot;}\">\n\t\t\t\t\t\t<div class=\"elementor-container elementor-column-gap-default\">\n\t\t\t\t\t<div class=\"elementor-column elementor-col-50 elementor-inner-column elementor-element elementor-element-6c817b34\" data-id=\"6c817b34\" data-element_type=\"column\" data-e-type=\"column\">\n\t\t\t<div class=\"elementor-widget-wrap elementor-element-populated\">\n\t\t\t\t\t\t<div class=\"elementor-element elementor-element-4b89c7c9 elementor--h-position-center elementor--v-position-middle elementor-arrows-position-inside elementor-widget elementor-widget-slides\" data-id=\"4b89c7c9\" data-element_type=\"widget\" data-e-type=\"widget\" data-settings=\"{&quot;navigation&quot;:&quot;arrows&quot;,&quot;autoplay&quot;:&quot;yes&quot;,&quot;pause_on_hover&quot;:&quot;yes&quot;,&quot;pause_on_interaction&quot;:&quot;yes&quot;,&quot;autoplay_speed&quot;:5000,&quot;infinite&quot;:&quot;yes&quot;,&quot;transition&quot;:&quot;slide&quot;,&quot;transition_speed&quot;:500}\" data-widget_type=\"slides.default\">\n\t\t\t\t<div class=\"elementor-widget-container\">\n\t\t\t\t\t\t\t\t\t<div class=\"elementor-swiper\">\n\t\t\t\t\t<div class=\"elementor-slides-wrapper elementor-main-swiper swiper\" role=\"region\" aria-roledescription=\"carousel\" aria-label=\"Diapositives\" dir=\"ltr\" data-animation=\"fadeInUp\">\n\t\t\t\t<div class=\"swiper-wrapper elementor-slides\">\n\t\t\t\t\t\t\t\t\t\t<div class=\"elementor-repeater-item-3abca1c swiper-slide\" role=\"group\" aria-roledescription=\"slide\"><div class=\"swiper-slide-bg\" role=\"img\" aria-label=\"oficina\"><\/div><div class=\"swiper-slide-inner\" ><div class=\"swiper-slide-contents\"><\/div><\/div><\/div>\t\t\t\t<\/div>\n\t\t\t\t\t\t\t<\/div>\n\t\t\t\t<\/div>\n\t\t\t\t\t\t\t\t<\/div>\n\t\t\t\t<\/div>\n\t\t\t\t\t<\/div>\n\t\t<\/div>\n\t\t\t\t<div class=\"elementor-column elementor-col-50 elementor-inner-column elementor-element elementor-element-6a2b7da3\" data-id=\"6a2b7da3\" data-element_type=\"column\" data-e-type=\"column\">\n\t\t\t<div class=\"elementor-widget-wrap elementor-element-populated\">\n\t\t\t\t\t\t<div class=\"elementor-element elementor-element-a4cb36c elementor-widget elementor-widget-heading\" data-id=\"a4cb36c\" data-element_type=\"widget\" data-e-type=\"widget\" data-widget_type=\"heading.default\">\n\t\t\t\t<div class=\"elementor-widget-container\">\n\t\t\t\t\t<h2 class=\"elementor-heading-title elementor-size-default\">Qui som<\/h2>\t\t\t\t<\/div>\n\t\t\t\t<\/div>\n\t\t\t\t<div class=\"elementor-element elementor-element-583bdab0 elementor-widget elementor-widget-text-editor\" data-id=\"583bdab0\" data-element_type=\"widget\" data-e-type=\"widget\" data-widget_type=\"text-editor.default\">\n\t\t\t\t<div class=\"elementor-widget-container\">\n\t\t\t\t\t\t\t\t\t<p>La nostra empresa \u00e9s jove, din\u00e0mica, actualitzada i digitalitzada per poder cobrir totes les necessitats del sector.<br \/>Cuidem al m\u00e0xim la gesti\u00f3 de tots els processos complint totes les normatives vigents de sanitat.<br \/>El nostre teixit empresarial est\u00e0 a dues comunitats que s\u00f3n Val\u00e8ncia i Arag\u00f3.<\/p>\n\t\t\t\t\t\t\t\t<\/div>\n\t\t\t\t<\/div>\n\t\t\t\t\t<\/div>\n\t\t<\/div>\n\t\t\t\t\t<\/div>\n\t\t<\/section>\n\t\t\t\t<section class=\"elementor-section elementor-inner-section elementor-element elementor-element-3a53c0e7 elementor-reverse-tablet elementor-reverse-mobile elementor-section-boxed elementor-section-height-default elementor-section-height-default\" data-id=\"3a53c0e7\" data-element_type=\"section\" data-e-type=\"section\" data-settings=\"{&quot;background_background&quot;:&quot;classic&quot;}\">\n\t\t\t\t\t\t<div class=\"elementor-container elementor-column-gap-default\">\n\t\t\t\t\t<div class=\"elementor-column elementor-col-50 elementor-inner-column elementor-element elementor-element-30e712be\" data-id=\"30e712be\" data-element_type=\"column\" data-e-type=\"column\">\n\t\t\t<div class=\"elementor-widget-wrap elementor-element-populated\">\n\t\t\t\t\t\t<div class=\"elementor-element elementor-element-7c3fef9e elementor-widget elementor-widget-heading\" data-id=\"7c3fef9e\" data-element_type=\"widget\" data-e-type=\"widget\" data-widget_type=\"heading.default\">\n\t\t\t\t<div class=\"elementor-widget-container\">\n\t\t\t\t\t<h2 class=\"elementor-heading-title elementor-size-default\">El nostre equip<\/h2>\t\t\t\t<\/div>\n\t\t\t\t<\/div>\n\t\t\t\t<div class=\"elementor-element elementor-element-4449fe55 elementor-widget elementor-widget-text-editor\" data-id=\"4449fe55\" data-element_type=\"widget\" data-e-type=\"widget\" data-widget_type=\"text-editor.default\">\n\t\t\t\t<div class=\"elementor-widget-container\">\n\t\t\t\t\t\t\t\t\t<p>VZfarma compta amb m\u00e9s de 50 empleats amb una formaci\u00f3 espec\u00edfica pel sector de transport de productes farmac\u00e8utics i \u00e9s la part m\u00e9s important de l&#8217;empresa.<br \/>Cuidem la imatge i premiem la implicaci\u00f3, l&#8217;efici\u00e8ncia, el sentit com\u00fa.<br \/>Gr\u00e0cies al nostre equip som l\u00edders en all\u00f2 que fem i aix\u00ed ho consideren els nostres clients.<\/p>\n\t\t\t\t\t\t\t\t<\/div>\n\t\t\t\t<\/div>\n\t\t\t\t\t<\/div>\n\t\t<\/div>\n\t\t\t\t<div class=\"elementor-column elementor-col-50 elementor-inner-column elementor-element elementor-element-4ec9a589\" data-id=\"4ec9a589\" data-element_type=\"column\" data-e-type=\"column\">\n\t\t\t<div class=\"elementor-widget-wrap elementor-element-populated\">\n\t\t\t\t\t\t<div class=\"elementor-element elementor-element-4ded460a elementor--h-position-center elementor--v-position-middle elementor-arrows-position-inside elementor-widget elementor-widget-slides\" data-id=\"4ded460a\" data-element_type=\"widget\" data-e-type=\"widget\" data-settings=\"{&quot;navigation&quot;:&quot;arrows&quot;,&quot;autoplay&quot;:&quot;yes&quot;,&quot;pause_on_hover&quot;:&quot;yes&quot;,&quot;pause_on_interaction&quot;:&quot;yes&quot;,&quot;autoplay_speed&quot;:5000,&quot;infinite&quot;:&quot;yes&quot;,&quot;transition&quot;:&quot;slide&quot;,&quot;transition_speed&quot;:500}\" data-widget_type=\"slides.default\">\n\t\t\t\t<div class=\"elementor-widget-container\">\n\t\t\t\t\t\t\t\t\t<div class=\"elementor-swiper\">\n\t\t\t\t\t<div class=\"elementor-slides-wrapper elementor-main-swiper swiper\" role=\"region\" aria-roledescription=\"carousel\" aria-label=\"Diapositives\" dir=\"ltr\" data-animation=\"fadeInUp\">\n\t\t\t\t<div class=\"swiper-wrapper elementor-slides\">\n\t\t\t\t\t\t\t\t\t\t<div class=\"elementor-repeater-item-3abca1c swiper-slide\" role=\"group\" aria-roledescription=\"slide\"><div class=\"swiper-slide-bg\" role=\"img\" aria-label=\"oficina-jujuma\"><\/div><div class=\"swiper-slide-inner\" ><div class=\"swiper-slide-contents\"><\/div><\/div><\/div>\t\t\t\t<\/div>\n\t\t\t\t\t\t\t<\/div>\n\t\t\t\t<\/div>\n\t\t\t\t\t\t\t\t<\/div>\n\t\t\t\t<\/div>\n\t\t\t\t\t<\/div>\n\t\t<\/div>\n\t\t\t\t\t<\/div>\n\t\t<\/section>\n\t\t\t\t\t<\/div>\n\t\t<\/div>\n\t\t\t\t\t<\/div>\n\t\t<\/section>\n\t\t\t\t<\/div>\n\t\t","protected":false},"excerpt":{"rendered":"<p>Qui som La nostra empresa \u00e9s jove, din\u00e0mica, actualitzada i digitalitzada per poder cobrir totes les necessitats del sector.Cuidem al m\u00e0xim la gesti\u00f3 de tots els processos complint totes les normatives vigents de sanitat.El nostre teixit empresarial est\u00e0 a dues comunitats que s\u00f3n Val\u00e8ncia i Arag\u00f3. El nostre equip VZfarma compta amb m\u00e9s de 50 [&hellip;]<\/p>\n","protected":false},"author":3,"featured_media":0,"parent":0,"menu_order":0,"comment_status":"closed","ping_status":"closed","template":"","meta":{"footnotes":""},"class_list":["post-4502","page","type-page","status-publish","hentry"],"yoast_head":"<!-- This site is optimized with the Yoast SEO plugin v27.5 - https:\/\/yoast.com\/product\/yoast-seo-wordpress\/ -->\n<title>Sobre nosaltres - VZfarma<\/title>\n<meta name=\"description\" content=\"Qui som La nostra empresa \u00e9s jove, din\u00e0mica, actualitzada i digitalitzada per poder cobrir totes les necessitats del sector.Cuidem al m\u00e0xim la gesti\u00f3 de\" \/>\n<meta name=\"robots\" content=\"index, follow, max-snippet:-1, max-image-preview:large, max-video-preview:-1\" \/>\n<link rel=\"canonical\" href=\"https:\/\/vzfarma.net\/ca\/sobre-nosaltres\/\" \/>\n<meta property=\"og:locale\" content=\"ca_ES\" \/>\n<meta property=\"og:type\" content=\"article\" \/>\n<meta property=\"og:title\" content=\"Sobre nosaltres - VZfarma\" \/>\n<meta property=\"og:description\" content=\"Qui som La nostra empresa \u00e9s jove, din\u00e0mica, actualitzada i digitalitzada per poder cobrir totes les necessitats del sector.Cuidem al m\u00e0xim la gesti\u00f3 de\" \/>\n<meta property=\"og:url\" content=\"https:\/\/vzfarma.net\/ca\/sobre-nosaltres\/\" \/>\n<meta property=\"og:site_name\" content=\"VZfarma\" \/>\n<meta property=\"article:modified_time\" content=\"2024-01-09T13:21:55+00:00\" \/>\n<meta name=\"twitter:card\" content=\"summary_large_image\" \/>\n<meta name=\"twitter:label1\" content=\"Temps estimat de lectura\" \/>\n\t<meta name=\"twitter:data1\" content=\"1 minut\" \/>\n<script type=\"application\/ld+json\" class=\"yoast-schema-graph\">{\"@context\":\"https:\\\/\\\/schema.org\",\"@graph\":[{\"@type\":\"WebPage\",\"@id\":\"https:\\\/\\\/vzfarma.net\\\/ca\\\/sobre-nosaltres\\\/\",\"url\":\"https:\\\/\\\/vzfarma.net\\\/ca\\\/sobre-nosaltres\\\/\",\"name\":\"Sobre nosaltres - VZfarma\",\"isPartOf\":{\"@id\":\"https:\\\/\\\/vzfarma.net\\\/ca\\\/#website\"},\"datePublished\":\"2023-12-22T13:18:35+00:00\",\"dateModified\":\"2024-01-09T13:21:55+00:00\",\"description\":\"Qui som La nostra empresa \u00e9s jove, din\u00e0mica, actualitzada i digitalitzada per poder cobrir totes les necessitats del sector.Cuidem al m\u00e0xim la gesti\u00f3 de\",\"inLanguage\":\"ca\",\"potentialAction\":[{\"@type\":\"ReadAction\",\"target\":[\"https:\\\/\\\/vzfarma.net\\\/ca\\\/sobre-nosaltres\\\/\"]}]},{\"@type\":\"WebSite\",\"@id\":\"https:\\\/\\\/vzfarma.net\\\/ca\\\/#website\",\"url\":\"https:\\\/\\\/vzfarma.net\\\/ca\\\/\",\"name\":\"VZfarma\",\"description\":\"Log\u00edstica de salud, entregamos bienestar\",\"publisher\":{\"@id\":\"https:\\\/\\\/vzfarma.net\\\/ca\\\/#organization\"},\"potentialAction\":[{\"@type\":\"SearchAction\",\"target\":{\"@type\":\"EntryPoint\",\"urlTemplate\":\"https:\\\/\\\/vzfarma.net\\\/ca\\\/?s={search_term_string}\"},\"query-input\":{\"@type\":\"PropertyValueSpecification\",\"valueRequired\":true,\"valueName\":\"search_term_string\"}}],\"inLanguage\":\"ca\"},{\"@type\":\"Organization\",\"@id\":\"https:\\\/\\\/vzfarma.net\\\/ca\\\/#organization\",\"name\":\"VZfarma\",\"url\":\"https:\\\/\\\/vzfarma.net\\\/ca\\\/\",\"logo\":{\"@type\":\"ImageObject\",\"inLanguage\":\"ca\",\"@id\":\"https:\\\/\\\/vzfarma.net\\\/ca\\\/#\\\/schema\\\/logo\\\/image\\\/\",\"url\":\"https:\\\/\\\/vzfarma.net\\\/wp-content\\\/uploads\\\/4_LOGO-VZ-FARMA-JPG-1.jpg\",\"contentUrl\":\"https:\\\/\\\/vzfarma.net\\\/wp-content\\\/uploads\\\/4_LOGO-VZ-FARMA-JPG-1.jpg\",\"width\":1353,\"height\":957,\"caption\":\"VZfarma\"},\"image\":{\"@id\":\"https:\\\/\\\/vzfarma.net\\\/ca\\\/#\\\/schema\\\/logo\\\/image\\\/\"}}]}<\/script>\n<!-- \/ Yoast SEO plugin. -->","yoast_head_json":{"title":"Sobre nosaltres - VZfarma","description":"Qui som La nostra empresa \u00e9s jove, din\u00e0mica, actualitzada i digitalitzada per poder cobrir totes les necessitats del sector.Cuidem al m\u00e0xim la gesti\u00f3 de","robots":{"index":"index","follow":"follow","max-snippet":"max-snippet:-1","max-image-preview":"max-image-preview:large","max-video-preview":"max-video-preview:-1"},"canonical":"https:\/\/vzfarma.net\/ca\/sobre-nosaltres\/","og_locale":"ca_ES","og_type":"article","og_title":"Sobre nosaltres - VZfarma","og_description":"Qui som La nostra empresa \u00e9s jove, din\u00e0mica, actualitzada i digitalitzada per poder cobrir totes les necessitats del sector.Cuidem al m\u00e0xim la gesti\u00f3 de","og_url":"https:\/\/vzfarma.net\/ca\/sobre-nosaltres\/","og_site_name":"VZfarma","article_modified_time":"2024-01-09T13:21:55+00:00","twitter_card":"summary_large_image","twitter_misc":{"Temps estimat de lectura":"1 minut"},"schema":{"@context":"https:\/\/schema.org","@graph":[{"@type":"WebPage","@id":"https:\/\/vzfarma.net\/ca\/sobre-nosaltres\/","url":"https:\/\/vzfarma.net\/ca\/sobre-nosaltres\/","name":"Sobre nosaltres - VZfarma","isPartOf":{"@id":"https:\/\/vzfarma.net\/ca\/#website"},"datePublished":"2023-12-22T13:18:35+00:00","dateModified":"2024-01-09T13:21:55+00:00","description":"Qui som La nostra empresa \u00e9s jove, din\u00e0mica, actualitzada i digitalitzada per poder cobrir totes les necessitats del sector.Cuidem al m\u00e0xim la gesti\u00f3 de","inLanguage":"ca","potentialAction":[{"@type":"ReadAction","target":["https:\/\/vzfarma.net\/ca\/sobre-nosaltres\/"]}]},{"@type":"WebSite","@id":"https:\/\/vzfarma.net\/ca\/#website","url":"https:\/\/vzfarma.net\/ca\/","name":"VZfarma","description":"Log\u00edstica de salud, entregamos bienestar","publisher":{"@id":"https:\/\/vzfarma.net\/ca\/#organization"},"potentialAction":[{"@type":"SearchAction","target":{"@type":"EntryPoint","urlTemplate":"https:\/\/vzfarma.net\/ca\/?s={search_term_string}"},"query-input":{"@type":"PropertyValueSpecification","valueRequired":true,"valueName":"search_term_string"}}],"inLanguage":"ca"},{"@type":"Organization","@id":"https:\/\/vzfarma.net\/ca\/#organization","name":"VZfarma","url":"https:\/\/vzfarma.net\/ca\/","logo":{"@type":"ImageObject","inLanguage":"ca","@id":"https:\/\/vzfarma.net\/ca\/#\/schema\/logo\/image\/","url":"https:\/\/vzfarma.net\/wp-content\/uploads\/4_LOGO-VZ-FARMA-JPG-1.jpg","contentUrl":"https:\/\/vzfarma.net\/wp-content\/uploads\/4_LOGO-VZ-FARMA-JPG-1.jpg","width":1353,"height":957,"caption":"VZfarma"},"image":{"@id":"https:\/\/vzfarma.net\/ca\/#\/schema\/logo\/image\/"}}]}},"_links":{"self":[{"href":"https:\/\/vzfarma.net\/ca\/wp-json\/wp\/v2\/pages\/4502","targetHints":{"allow":["GET"]}}],"collection":[{"href":"https:\/\/vzfarma.net\/ca\/wp-json\/wp\/v2\/pages"}],"about":[{"href":"https:\/\/vzfarma.net\/ca\/wp-json\/wp\/v2\/types\/page"}],"author":[{"embeddable":true,"href":"https:\/\/vzfarma.net\/ca\/wp-json\/wp\/v2\/users\/3"}],"replies":[{"embeddable":true,"href":"https:\/\/vzfarma.net\/ca\/wp-json\/wp\/v2\/comments?post=4502"}],"version-history":[{"count":4,"href":"https:\/\/vzfarma.net\/ca\/wp-json\/wp\/v2\/pages\/4502\/revisions"}],"predecessor-version":[{"id":4619,"href":"https:\/\/vzfarma.net\/ca\/wp-json\/wp\/v2\/pages\/4502\/revisions\/4619"}],"wp:attachment":[{"href":"https:\/\/vzfarma.net\/ca\/wp-json\/wp\/v2\/media?parent=4502"}],"curies":[{"name":"wp","href":"https:\/\/api.w.org\/{rel}","templated":true}]}}